{"id":3909,"date":"2018-04-06T09:58:18","date_gmt":"2018-04-06T07:58:18","guid":{"rendered":"https:\/\/www.boncolac.fr\/bonloc\/"},"modified":"2021-02-12T10:29:25","modified_gmt":"2021-02-12T09:29:25","slug":"bonloc","status":"publish","type":"page","link":"https:\/\/www.boncolac.fr\/en\/our-production-sites\/bonloc\/","title":{"rendered":"Bonloc"},"content":{"rendered":"<p><iframe style=\"border: 0;\" src=\"https:\/\/www.google.com\/maps\/embed?pb=!1m18!1m12!1m3!1d2900.475219274342!2d-1.2688665849315794!3d43.36708657890327!2m3!1f0!2f0!3f0!3m2!1i1024!2i768!4f13.1!3m3!1m2!1s0xd5133b69328837d%3A0x5eae71507b71f5ec!2sBoncolac!5e0!3m2!1sfr!2sfr!4v1528188141693\" width=\"400\" height=\"300\" frameborder=\"0\" allowfullscreen=\"allowfullscreen\"><\/iframe><\/p>\n","protected":false},"excerpt":{"rendered":"","protected":false},"author":1,"featured_media":1499,"parent":41690,"menu_order":74,"comment_status":"closed","ping_status":"closed","template":"","meta":{"_acf_changed":false,"footnotes":""},"class_list":["post-3909","page","type-page","status-publish","has-post-thumbnail","hentry"],"acf":[],"yoast_head":"<!-- This site is optimized with the Yoast SEO plugin v27.2 - https:\/\/yoast.com\/product\/yoast-seo-wordpress\/ -->\n<title>Boncolac - Usine de Bonloc<\/title>\n<meta name=\"description\" content=\"Site de production Boncolac, situ\u00e9 sur la commune de Bonloc dans les Pyr\u00e9n\u00e9es Atlantiques.\" \/>\n<meta name=\"robots\" content=\"index, follow, max-snippet:-1, max-image-preview:large, max-video-preview:-1\" \/>\n<link rel=\"canonical\" href=\"https:\/\/www.boncolac.fr\/en\/bonloc\/\" \/>\n<meta property=\"og:locale\" content=\"en_US\" \/>\n<meta property=\"og:type\" content=\"article\" \/>\n<meta property=\"og:title\" content=\"Boncolac - Usine de Bonloc\" \/>\n<meta property=\"og:description\" content=\"Site de production Boncolac, situ\u00e9 sur la commune de Bonloc dans les Pyr\u00e9n\u00e9es Atlantiques.\" \/>\n<meta property=\"og:url\" content=\"https:\/\/www.boncolac.fr\/en\/bonloc\/\" \/>\n<meta property=\"og:site_name\" content=\"Boncolac\" \/>\n<meta property=\"article:modified_time\" content=\"2021-02-12T09:29:25+00:00\" \/>\n<meta property=\"og:image\" content=\"https:\/\/www.boncolac.fr\/wp-content\/uploads\/2018\/06\/usine-Bonloc.jpg\" \/>\n\t<meta property=\"og:image:width\" content=\"800\" \/>\n\t<meta property=\"og:image:height\" content=\"604\" \/>\n\t<meta property=\"og:image:type\" content=\"image\/jpeg\" \/>\n<meta name=\"twitter:card\" content=\"summary_large_image\" \/>\n<script type=\"application\/ld+json\" class=\"yoast-schema-graph\">{\"@context\":\"https:\/\/schema.org\",\"@graph\":[{\"@type\":\"WebPage\",\"@id\":\"https:\/\/www.boncolac.fr\/en\/bonloc\/\",\"url\":\"https:\/\/www.boncolac.fr\/en\/bonloc\/\",\"name\":\"Boncolac - Usine de Bonloc\",\"isPartOf\":{\"@id\":\"https:\/\/www.boncolac.fr\/#website\"},\"primaryImageOfPage\":{\"@id\":\"https:\/\/www.boncolac.fr\/en\/bonloc\/#primaryimage\"},\"image\":{\"@id\":\"https:\/\/www.boncolac.fr\/en\/bonloc\/#primaryimage\"},\"thumbnailUrl\":\"https:\/\/www.boncolac.fr\/wp-content\/uploads\/2018\/06\/usine-Bonloc.jpg\",\"datePublished\":\"2018-04-06T07:58:18+00:00\",\"dateModified\":\"2021-02-12T09:29:25+00:00\",\"description\":\"Site de production Boncolac, situ\u00e9 sur la commune de Bonloc dans les Pyr\u00e9n\u00e9es Atlantiques.\",\"breadcrumb\":{\"@id\":\"https:\/\/www.boncolac.fr\/en\/bonloc\/#breadcrumb\"},\"inLanguage\":\"en-US\",\"potentialAction\":[{\"@type\":\"ReadAction\",\"target\":[\"https:\/\/www.boncolac.fr\/en\/bonloc\/\"]}]},{\"@type\":\"ImageObject\",\"inLanguage\":\"en-US\",\"@id\":\"https:\/\/www.boncolac.fr\/en\/bonloc\/#primaryimage\",\"url\":\"https:\/\/www.boncolac.fr\/wp-content\/uploads\/2018\/06\/usine-Bonloc.jpg\",\"contentUrl\":\"https:\/\/www.boncolac.fr\/wp-content\/uploads\/2018\/06\/usine-Bonloc.jpg\",\"width\":800,\"height\":604},{\"@type\":\"BreadcrumbList\",\"@id\":\"https:\/\/www.boncolac.fr\/en\/bonloc\/#breadcrumb\",\"itemListElement\":[{\"@type\":\"ListItem\",\"position\":1,\"name\":\"Accueil\",\"item\":\"https:\/\/www.boncolac.fr\/en\/\"},{\"@type\":\"ListItem\",\"position\":2,\"name\":\"Bonloc\"}]},{\"@type\":\"WebSite\",\"@id\":\"https:\/\/www.boncolac.fr\/#website\",\"url\":\"https:\/\/www.boncolac.fr\/\",\"name\":\"Boncolac\",\"description\":\"Food Service\",\"potentialAction\":[{\"@type\":\"SearchAction\",\"target\":{\"@type\":\"EntryPoint\",\"urlTemplate\":\"https:\/\/www.boncolac.fr\/?s={search_term_string}\"},\"query-input\":{\"@type\":\"PropertyValueSpecification\",\"valueRequired\":true,\"valueName\":\"search_term_string\"}}],\"inLanguage\":\"en-US\"}]}<\/script>\n<!-- \/ Yoast SEO plugin. -->","yoast_head_json":{"title":"Boncolac - Usine de Bonloc","description":"Site de production Boncolac, situ\u00e9 sur la commune de Bonloc dans les Pyr\u00e9n\u00e9es Atlantiques.","robots":{"index":"index","follow":"follow","max-snippet":"max-snippet:-1","max-image-preview":"max-image-preview:large","max-video-preview":"max-video-preview:-1"},"canonical":"https:\/\/www.boncolac.fr\/en\/bonloc\/","og_locale":"en_US","og_type":"article","og_title":"Boncolac - Usine de Bonloc","og_description":"Site de production Boncolac, situ\u00e9 sur la commune de Bonloc dans les Pyr\u00e9n\u00e9es Atlantiques.","og_url":"https:\/\/www.boncolac.fr\/en\/bonloc\/","og_site_name":"Boncolac","article_modified_time":"2021-02-12T09:29:25+00:00","og_image":[{"width":800,"height":604,"url":"https:\/\/www.boncolac.fr\/wp-content\/uploads\/2018\/06\/usine-Bonloc.jpg","type":"image\/jpeg"}],"twitter_card":"summary_large_image","schema":{"@context":"https:\/\/schema.org","@graph":[{"@type":"WebPage","@id":"https:\/\/www.boncolac.fr\/en\/bonloc\/","url":"https:\/\/www.boncolac.fr\/en\/bonloc\/","name":"Boncolac - Usine de Bonloc","isPartOf":{"@id":"https:\/\/www.boncolac.fr\/#website"},"primaryImageOfPage":{"@id":"https:\/\/www.boncolac.fr\/en\/bonloc\/#primaryimage"},"image":{"@id":"https:\/\/www.boncolac.fr\/en\/bonloc\/#primaryimage"},"thumbnailUrl":"https:\/\/www.boncolac.fr\/wp-content\/uploads\/2018\/06\/usine-Bonloc.jpg","datePublished":"2018-04-06T07:58:18+00:00","dateModified":"2021-02-12T09:29:25+00:00","description":"Site de production Boncolac, situ\u00e9 sur la commune de Bonloc dans les Pyr\u00e9n\u00e9es Atlantiques.","breadcrumb":{"@id":"https:\/\/www.boncolac.fr\/en\/bonloc\/#breadcrumb"},"inLanguage":"en-US","potentialAction":[{"@type":"ReadAction","target":["https:\/\/www.boncolac.fr\/en\/bonloc\/"]}]},{"@type":"ImageObject","inLanguage":"en-US","@id":"https:\/\/www.boncolac.fr\/en\/bonloc\/#primaryimage","url":"https:\/\/www.boncolac.fr\/wp-content\/uploads\/2018\/06\/usine-Bonloc.jpg","contentUrl":"https:\/\/www.boncolac.fr\/wp-content\/uploads\/2018\/06\/usine-Bonloc.jpg","width":800,"height":604},{"@type":"BreadcrumbList","@id":"https:\/\/www.boncolac.fr\/en\/bonloc\/#breadcrumb","itemListElement":[{"@type":"ListItem","position":1,"name":"Accueil","item":"https:\/\/www.boncolac.fr\/en\/"},{"@type":"ListItem","position":2,"name":"Bonloc"}]},{"@type":"WebSite","@id":"https:\/\/www.boncolac.fr\/#website","url":"https:\/\/www.boncolac.fr\/","name":"Boncolac","description":"Food Service","potentialAction":[{"@type":"SearchAction","target":{"@type":"EntryPoint","urlTemplate":"https:\/\/www.boncolac.fr\/?s={search_term_string}"},"query-input":{"@type":"PropertyValueSpecification","valueRequired":true,"valueName":"search_term_string"}}],"inLanguage":"en-US"}]}},"_links":{"self":[{"href":"https:\/\/www.boncolac.fr\/en\/wp-json\/wp\/v2\/pages\/3909","targetHints":{"allow":["GET"]}}],"collection":[{"href":"https:\/\/www.boncolac.fr\/en\/wp-json\/wp\/v2\/pages"}],"about":[{"href":"https:\/\/www.boncolac.fr\/en\/wp-json\/wp\/v2\/types\/page"}],"author":[{"embeddable":true,"href":"https:\/\/www.boncolac.fr\/en\/wp-json\/wp\/v2\/users\/1"}],"replies":[{"embeddable":true,"href":"https:\/\/www.boncolac.fr\/en\/wp-json\/wp\/v2\/comments?post=3909"}],"version-history":[{"count":1,"href":"https:\/\/www.boncolac.fr\/en\/wp-json\/wp\/v2\/pages\/3909\/revisions"}],"predecessor-version":[{"id":3910,"href":"https:\/\/www.boncolac.fr\/en\/wp-json\/wp\/v2\/pages\/3909\/revisions\/3910"}],"up":[{"embeddable":true,"href":"https:\/\/www.boncolac.fr\/en\/wp-json\/wp\/v2\/pages\/41690"}],"wp:featuredmedia":[{"embeddable":true,"href":"https:\/\/www.boncolac.fr\/en\/wp-json\/wp\/v2\/media\/1499"}],"wp:attachment":[{"href":"https:\/\/www.boncolac.fr\/en\/wp-json\/wp\/v2\/media?parent=3909"}],"curies":[{"name":"wp","href":"https:\/\/api.w.org\/{rel}","templated":true}]}}