{"id":3922,"date":"2021-02-12T17:10:43","date_gmt":"2021-02-12T16:10:43","guid":{"rendered":"https:\/\/www.boncolac.fr\/?page_id=3922"},"modified":"2023-07-21T11:52:43","modified_gmt":"2023-07-21T09:52:43","slug":"join-us","status":"publish","type":"page","link":"https:\/\/www.boncolac.fr\/en\/join-us\/","title":{"rendered":"Join us"},"content":{"rendered":"<h4><b>Cultiver la premi\u00e8re richesse de l\u2019entreprise<\/b><\/h4>\n<h5><strong>Un \u00e9tat d&#8217;esprit :<\/strong><\/h5>\n<p>Exp\u00e9riment\u00e9s, les collaborateurs de Boncolac sont anim\u00e9s par la passion du go\u00fbt et l\u2019envie d\u2019excellence. Sens des responsabilit\u00e9s, esprit d\u2019\u00e9quipe, pragmatisme et simplicit\u00e9 refl\u00e8tent l\u2019\u00e9tat d\u2019esprit dans lequel ils travaillent chaque jour, quel que soit leur m\u00e9tier.<\/p>\n<h5><strong>Une \u00e9galit\u00e9 professionnelle marqu\u00e9e :<\/strong><\/h5>\n<p>Sur 500 salari\u00e9s, plus de la moiti\u00e9 sont des femmes. Celles-ci sont ainsi repr\u00e9sent\u00e9es dans toutes les fonctions de l&#8217;entreprise, y compris les plus hautes. Les index d&#8217;\u00e9galit\u00e9 entre les femmes et les hommes, au titre de l&#8217;ann\u00e9e 2019, refl\u00e8tent d&#8217;ailleurs les engagements pris par Boncolac pour r\u00e9duire les \u00e9ventuels \u00e9carts entre les femmes et les hommes et garantir ainsi l&#8217;\u00e9galit\u00e9 professionnelle.<\/p>\n<ul>\n<li>Index Boncolac : 94 \/ 100 points<\/li>\n<li>Index Boncolac P\u00e2tisserie : 88 \/ 100 points<\/li>\n<li>Index Boncolac Traiteur : 99 \/ 100 points<\/li>\n<\/ul>\n<h5><strong>Des savoirs sans cesse \u00e9toff\u00e9s :<\/strong><\/h5>\n<p>Sur les derni\u00e8res ann\u00e9es, dans le cadre d\u2019une d\u00e9marche globale de gestion pr\u00e9visionnelle des emplois et des comp\u00e9tences , Boncolac a form\u00e9 plus de \u00a0120 salari\u00e9s sur des CQP (certificats de qualification professionnelle) reconnus par les branches de l\u2019agroalimentaire. CQP conducteur machine, conducteur de ligne, responsable d\u2019\u00e9quipes, technicien de maintenance\u2026 L\u2019effort de formation de l\u2019entreprise a ainsi \u00a0\u00e9t\u00e9 multipli\u00e9 par 3.<\/p>\n<p>Boncolac favorise le d\u00e9veloppement professionnel de ses \u00e9quipes, accompagne leurs besoins individuels de progression et anticipe l\u2019\u00e9volution de ses m\u00e9tiers<\/p>\n<p><a href=\"https:\/\/www.boncolac.fr\/contact\/recrutement\/offres-demplois\/\" class=\"btn\">Nos offres d'emplois\/Stages<\/a> <a id=\"opn-8455563200014\" href=\"#\" class=\"btn opn-child\">Candidature Spontan\u00e9e<\/a><div id=\"opn-this-8455563200014\" class=\"opn-toggle\"><script type=\"text\/javascript\">\n\/* <![CDATA[ *\/\nvar gform;gform||(document.addEventListener(\"gform_main_scripts_loaded\",function(){gform.scriptsLoaded=!0}),document.addEventListener(\"gform\/theme\/scripts_loaded\",function(){gform.themeScriptsLoaded=!0}),window.addEventListener(\"DOMContentLoaded\",function(){gform.domLoaded=!0}),gform={domLoaded:!1,scriptsLoaded:!1,themeScriptsLoaded:!1,isFormEditor:()=>\"function\"==typeof InitializeEditor,callIfLoaded:function(o){return!(!gform.domLoaded||!gform.scriptsLoaded||!gform.themeScriptsLoaded&&!gform.isFormEditor()||(gform.isFormEditor()&&console.warn(\"The use of gform.initializeOnLoaded() is deprecated in the form editor context and will be removed in Gravity Forms 3.1.\"),o(),0))},initializeOnLoaded:function(o){gform.callIfLoaded(o)||(document.addEventListener(\"gform_main_scripts_loaded\",()=>{gform.scriptsLoaded=!0,gform.callIfLoaded(o)}),document.addEventListener(\"gform\/theme\/scripts_loaded\",()=>{gform.themeScriptsLoaded=!0,gform.callIfLoaded(o)}),window.addEventListener(\"DOMContentLoaded\",()=>{gform.domLoaded=!0,gform.callIfLoaded(o)}))},hooks:{action:{},filter:{}},addAction:function(o,r,e,t){gform.addHook(\"action\",o,r,e,t)},addFilter:function(o,r,e,t){gform.addHook(\"filter\",o,r,e,t)},doAction:function(o){gform.doHook(\"action\",o,arguments)},applyFilters:function(o){return gform.doHook(\"filter\",o,arguments)},removeAction:function(o,r){gform.removeHook(\"action\",o,r)},removeFilter:function(o,r,e){gform.removeHook(\"filter\",o,r,e)},addHook:function(o,r,e,t,n){null==gform.hooks[o][r]&&(gform.hooks[o][r]=[]);var d=gform.hooks[o][r];null==n&&(n=r+\"_\"+d.length),gform.hooks[o][r].push({tag:n,callable:e,priority:t=null==t?10:t})},doHook:function(r,o,e){var t;if(e=Array.prototype.slice.call(e,1),null!=gform.hooks[r][o]&&((o=gform.hooks[r][o]).sort(function(o,r){return o.priority-r.priority}),o.forEach(function(o){\"function\"!=typeof(t=o.callable)&&(t=window[t]),\"action\"==r?t.apply(null,e):e[0]=t.apply(null,e)})),\"filter\"==r)return e[0]},removeHook:function(o,r,t,n){var e;null!=gform.hooks[o][r]&&(e=(e=gform.hooks[o][r]).filter(function(o,r,e){return!!(null!=n&&n!=o.tag||null!=t&&t!=o.priority)}),gform.hooks[o][r]=e)}});\n\/* ]]> *\/\n<\/script>\n\n                <div class='gf_browser_gecko gform_wrapper gform_legacy_markup_wrapper gform-theme--no-framework' data-form-theme='legacy' data-form-index='0' id='gform_wrapper_6' ><div id='gf_6' class='gform_anchor' tabindex='-1'><\/div><form method='post' enctype='multipart\/form-data' target='gform_ajax_frame_6' id='gform_6'  action='\/en\/wp-json\/wp\/v2\/pages\/3922#gf_6' data-formid='6' novalidate>\n                        <div class='gform-body gform_body'><ul id='gform_fields_6' class='gform_fields top_label form_sublabel_below description_below validation_below'><li id=\"field_6_1\" class=\"gfield gfield--type-text gfield--input-type-text gfield_contains_required field_sublabel_below gfield--no-description field_description_below field_validation_below gfield_visibility_visible\"  ><label class='gfield_label gform-field-label' for='input_6_1'>Votre nom<span class=\"gfield_required\"><span class=\"gfield_required gfield_required_asterisk\">*<\/span><\/span><\/label><div class='ginput_container ginput_container_text'><input name='input_1' id='input_6_1' type='text' value='' class='medium'     aria-required=\"true\" aria-invalid=\"false\"   \/><\/div><\/li><li id=\"field_6_2\" class=\"gfield gfield--type-text gfield--input-type-text gfield_contains_required field_sublabel_below gfield--no-description field_description_below field_validation_below gfield_visibility_visible\"  ><label class='gfield_label gform-field-label' for='input_6_2'>Votre pr\u00e9nom<span class=\"gfield_required\"><span class=\"gfield_required gfield_required_asterisk\">*<\/span><\/span><\/label><div class='ginput_container ginput_container_text'><input name='input_2' id='input_6_2' type='text' value='' class='medium'     aria-required=\"true\" aria-invalid=\"false\"   \/><\/div><\/li><li id=\"field_6_12\" class=\"gfield gfield--type-email gfield--input-type-email field_sublabel_below gfield--no-description field_description_below field_validation_below gfield_visibility_visible\"  ><label class='gfield_label gform-field-label' for='input_6_12'>Votre E-mail<\/label><div class='ginput_container ginput_container_email'>\n                            <input name='input_12' id='input_6_12' type='email' value='' class='medium'     aria-invalid=\"false\"  \/>\n                        <\/div><\/li><li id=\"field_6_5\" class=\"gfield gfield--type-address gfield--input-type-address gfield_contains_required field_sublabel_below gfield--no-description field_description_below field_validation_below gfield_visibility_visible\"  ><label class='gfield_label gform-field-label gfield_label_before_complex' >Adresse<span class=\"gfield_required\"><span class=\"gfield_required gfield_required_asterisk\">*<\/span><\/span><\/label>    \n                    <div class='ginput_complex ginput_container has_street has_city has_zip ginput_container_address gform-grid-row' id='input_6_5' >\n                         <span class='ginput_full address_line_1 ginput_address_line_1 gform-grid-col' id='input_6_5_1_container' >\n                                        <input type='text' name='input_5.1' id='input_6_5_1' value=''    aria-required='true'    \/>\n                                        <label for='input_6_5_1' id='input_6_5_1_label' class='gform-field-label gform-field-label--type-sub '>Street Address<\/label>\n                                    <\/span><span class='ginput_left address_city ginput_address_city gform-grid-col' id='input_6_5_3_container' >\n                                    <input type='text' name='input_5.3' id='input_6_5_3' value=''    aria-required='true'    \/>\n                                    <label for='input_6_5_3' id='input_6_5_3_label' class='gform-field-label gform-field-label--type-sub '>City<\/label>\n                                 <\/span><input type='hidden' class='gform_hidden' name='input_5.4' id='input_6_5_4' value=''\/><span class='ginput_right address_zip ginput_address_zip gform-grid-col' id='input_6_5_5_container' >\n                                    <input type='text' name='input_5.5' id='input_6_5_5' value=''    aria-required='true'    \/>\n                                    <label for='input_6_5_5' id='input_6_5_5_label' class='gform-field-label gform-field-label--type-sub '>Code postal<\/label>\n                                <\/span><input type='hidden' class='gform_hidden' name='input_5.6' id='input_6_5_6' value='France' \/>\n                    <div class='gf_clear gf_clear_complex'><\/div>\n                <\/div><\/li><li id=\"field_6_10\" class=\"gfield gfield--type-text gfield--input-type-text gfield_contains_required field_sublabel_below gfield--no-description field_description_below field_validation_below gfield_visibility_visible\"  ><label class='gfield_label gform-field-label' for='input_6_10'>Intitul\u00e9 du poste<span class=\"gfield_required\"><span class=\"gfield_required gfield_required_asterisk\">*<\/span><\/span><\/label><div class='ginput_container ginput_container_text'><input name='input_10' id='input_6_10' type='text' value='' class='medium'     aria-required=\"true\" aria-invalid=\"false\"   \/><\/div><\/li><li id=\"field_6_4\" class=\"gfield gfield--type-fileupload gfield--input-type-fileupload styled-file gfield_contains_required field_sublabel_below gfield--no-description field_description_below field_validation_below gfield_visibility_visible\"  ><label class='gfield_label gform-field-label' for='input_6_4'>Votre CV<span class=\"gfield_required\"><span class=\"gfield_required gfield_required_asterisk\">*<\/span><\/span><\/label><div class='ginput_container ginput_container_fileupload'><input type='hidden' name='MAX_FILE_SIZE' value='31457280' \/><input name='input_4' id='input_6_4' type='file' class='medium' aria-describedby=\"gfield_upload_rules_6_4\" onchange='javascript:gformValidateFileSize( this, 31457280 );'  \/><span class='gfield_description gform_fileupload_rules' id='gfield_upload_rules_6_4'>Max. file size: 30 MB.<\/span><div class='gfield_description validation_message gfield_validation_message validation_message--hidden-on-empty' id='live_validation_message_6_4'><\/div> <\/div><\/li><li id=\"field_6_9\" class=\"gfield gfield--type-fileupload gfield--input-type-fileupload styled-file gfield_contains_required field_sublabel_below gfield--no-description field_description_below field_validation_below gfield_visibility_visible\"  ><label class='gfield_label gform-field-label' for='input_6_9'>Votre lettre de motivation<span class=\"gfield_required\"><span class=\"gfield_required gfield_required_asterisk\">*<\/span><\/span><\/label><div class='ginput_container ginput_container_fileupload'><input type='hidden' name='MAX_FILE_SIZE' value='31457280' \/><input name='input_9' id='input_6_9' type='file' class='medium' aria-describedby=\"gfield_upload_rules_6_9\" onchange='javascript:gformValidateFileSize( this, 31457280 );'  \/><span class='gfield_description gform_fileupload_rules' id='gfield_upload_rules_6_9'>Max. file size: 30 MB.<\/span><div class='gfield_description validation_message gfield_validation_message validation_message--hidden-on-empty' id='live_validation_message_6_9'><\/div> <\/div><\/li><li id=\"field_6_8\" class=\"gfield gfield--type-checkbox gfield--type-choice gfield--input-type-checkbox gfield_contains_required field_sublabel_below gfield--no-description field_description_below field_validation_below gfield_visibility_visible\"  ><label class='gfield_label gform-field-label gfield_label_before_complex' >Confidentialit\u00e9<span class=\"gfield_required\"><span class=\"gfield_required gfield_required_asterisk\">*<\/span><\/span><\/label><div class='ginput_container ginput_container_checkbox'><ul class='gfield_checkbox' id='input_6_8'><li class='gchoice gchoice_6_8_1'>\n\t\t\t\t\t\t\t\t<input class='gfield-choice-input' name='input_8.1' type='checkbox'  value='En renseignant ce formulaire, je consens \u00e0 ce que mes donn\u00e9es personnelles soient collect\u00e9es et utilis\u00e9es comme d\u00e9crit dans la politique de confidentialit\u00e9.'  id='choice_6_8_1'   \/>\n\t\t\t\t\t\t\t\t<label for='choice_6_8_1' id='label_6_8_1' class='gform-field-label gform-field-label--type-inline'>En renseignant ce formulaire, je consens \u00e0 ce que mes donn\u00e9es personnelles soient collect\u00e9es et utilis\u00e9es comme d\u00e9crit dans la politique de confidentialit\u00e9.<\/label>\n\t\t\t\t\t\t\t<\/li><\/ul><\/div><\/li><li id=\"field_6_13\" class=\"gfield gfield--type-captcha gfield--input-type-captcha field_sublabel_below gfield--no-description field_description_below field_validation_below gfield_visibility_visible\"  ><label class='gfield_label gform-field-label screen-reader-text' for='input_6_13'><\/label><div id='input_6_13' class='ginput_container ginput_recaptcha' data-sitekey='6Le-xRUqAAAAAG0vXdVPROy_8GsQKi1aE3rc1Pu8'  data-theme='light' data-tabindex='-1' data-size='invisible' data-badge='bottomright'><\/div><\/li><\/ul><\/div>\n        <div class='gform-footer gform_footer top_label'> <input type='submit' id='gform_submit_button_6' class='gform_button button' onclick='gform.submission.handleButtonClick(this);' data-submission-type='submit' value='Envoyer'  \/> <input type='hidden' name='gform_ajax' value='form_id=6&amp;title=&amp;description=&amp;tabindex=0&amp;theme=legacy&amp;styles=[]&amp;hash=157e15f2cf8699f3f14b6b284d316292' \/>\n            <input type='hidden' class='gform_hidden' name='gform_submission_method' data-js='gform_submission_method_6' value='iframe' \/>\n            <input type='hidden' class='gform_hidden' name='gform_theme' data-js='gform_theme_6' id='gform_theme_6' value='legacy' \/>\n            <input type='hidden' class='gform_hidden' name='gform_style_settings' data-js='gform_style_settings_6' id='gform_style_settings_6' value='[]' \/>\n            <input type='hidden' class='gform_hidden' name='is_submit_6' value='1' \/>\n            <input type='hidden' class='gform_hidden' name='gform_submit' value='6' \/>\n            \n            <input type='hidden' class='gform_hidden' name='gform_currency' data-currency='EUR' value='dzycFD2QpNIpSKf53l6RXz5Xjnv4U\/6QDaH2bgJKx32FhCKorTVtU02cnZWGT4JP0nuCCOL3qfcyDnS4HPoy+\/msBt1d0MqQvatCEdLj6XJWJ80=' \/>\n            <input type='hidden' class='gform_hidden' name='gform_unique_id' value='' \/>\n            <input type='hidden' class='gform_hidden' name='state_6' value='WyJbXSIsIjlhOGQ2MDk5NTMzM2JiM2I5NTg2OGU0MmY0ZjZlNWQ0Il0=' \/>\n            <input type='hidden' autocomplete='off' class='gform_hidden' name='gform_target_page_number_6' id='gform_target_page_number_6' value='0' \/>\n            <input type='hidden' autocomplete='off' class='gform_hidden' name='gform_source_page_number_6' id='gform_source_page_number_6' value='1' \/>\n            <input type='hidden' name='gform_field_values' value='' \/>\n            \n        <\/div>\n                        <p style=\"display: none !important;\" class=\"akismet-fields-container\" data-prefix=\"ak_\"><label>&#916;<textarea name=\"ak_hp_textarea\" cols=\"45\" rows=\"8\" maxlength=\"100\"><\/textarea><\/label><input type=\"hidden\" id=\"ak_js_1\" name=\"ak_js\" value=\"15\"\/><script>document.getElementById( \"ak_js_1\" ).setAttribute( \"value\", ( new Date() ).getTime() );<\/script><\/p><\/form>\n                        <\/div>\n\t\t                <iframe style='display:none;width:0px;height:0px;' src='about:blank' name='gform_ajax_frame_6' id='gform_ajax_frame_6' title='This iframe contains the logic required to handle Ajax powered Gravity Forms.'><\/iframe>\n\t\t                <script type=\"text\/javascript\">\n\/* <![CDATA[ *\/\n gform.initializeOnLoaded( function() {gformInitSpinner( 6, 'https:\/\/www.boncolac.fr\/wp-content\/plugins\/gravityforms\/images\/spinner.svg', true );jQuery('#gform_ajax_frame_6').on('load',function(){var contents = jQuery(this).contents().find('*').html();var is_postback = contents.indexOf('GF_AJAX_POSTBACK') >= 0;if(!is_postback){return;}var form_content = jQuery(this).contents().find('#gform_wrapper_6');var is_confirmation = jQuery(this).contents().find('#gform_confirmation_wrapper_6').length > 0;var is_redirect = contents.indexOf('gformRedirect(){') >= 0;var is_form = form_content.length > 0 && ! is_redirect && ! is_confirmation;var mt = parseInt(jQuery('html').css('margin-top'), 10) + parseInt(jQuery('body').css('margin-top'), 10) + 100;if(is_form){jQuery('#gform_wrapper_6').html(form_content.html());if(form_content.hasClass('gform_validation_error')){jQuery('#gform_wrapper_6').addClass('gform_validation_error');} else {jQuery('#gform_wrapper_6').removeClass('gform_validation_error');}setTimeout( function() { \/* delay the scroll by 50 milliseconds to fix a bug in chrome *\/ jQuery(document).scrollTop(jQuery('#gform_wrapper_6').offset().top - mt); }, 50 );if(window['gformInitDatepicker']) {gformInitDatepicker();}if(window['gformInitPriceFields']) {gformInitPriceFields();}var current_page = jQuery('#gform_source_page_number_6').val();gformInitSpinner( 6, 'https:\/\/www.boncolac.fr\/wp-content\/plugins\/gravityforms\/images\/spinner.svg', true );jQuery(document).trigger('gform_page_loaded', [6, current_page]);window['gf_submitting_6'] = false;}else if(!is_redirect){var confirmation_content = jQuery(this).contents().find('.GF_AJAX_POSTBACK').html();if(!confirmation_content){confirmation_content = contents;}jQuery('#gform_wrapper_6').replaceWith(confirmation_content);jQuery(document).scrollTop(jQuery('#gf_6').offset().top - mt);jQuery(document).trigger('gform_confirmation_loaded', [6]);window['gf_submitting_6'] = false;wp.a11y.speak(jQuery('#gform_confirmation_message_6').text());}else{jQuery('#gform_6').append(contents);if(window['gformRedirect']) {gformRedirect();}}jQuery(document).trigger(\"gform_pre_post_render\", [{ formId: \"6\", currentPage: \"current_page\", abort: function() { this.preventDefault(); } }]);        if (event && event.defaultPrevented) {                return;        }        const gformWrapperDiv = document.getElementById( \"gform_wrapper_6\" );        if ( gformWrapperDiv ) {            const visibilitySpan = document.createElement( \"span\" );            visibilitySpan.id = \"gform_visibility_test_6\";            gformWrapperDiv.insertAdjacentElement( \"afterend\", visibilitySpan );        }        const visibilityTestDiv = document.getElementById( \"gform_visibility_test_6\" );        let postRenderFired = false;        function triggerPostRender() {            if ( postRenderFired ) {                return;            }            postRenderFired = true;            gform.core.triggerPostRenderEvents( 6, current_page );            if ( visibilityTestDiv ) {                visibilityTestDiv.parentNode.removeChild( visibilityTestDiv );            }        }        function debounce( func, wait, immediate ) {            var timeout;            return function() {                var context = this, args = arguments;                var later = function() {                    timeout = null;                    if ( !immediate ) func.apply( context, args );                };                var callNow = immediate && !timeout;                clearTimeout( timeout );                timeout = setTimeout( later, wait );                if ( callNow ) func.apply( context, args );            };        }        const debouncedTriggerPostRender = debounce( function() {            triggerPostRender();        }, 200 );        if ( visibilityTestDiv && visibilityTestDiv.offsetParent === null ) {            const observer = new MutationObserver( ( mutations ) => {                mutations.forEach( ( mutation ) => {                    if ( mutation.type === 'attributes' && visibilityTestDiv.offsetParent !== null ) {                        debouncedTriggerPostRender();                        observer.disconnect();                    }                });            });            observer.observe( document.body, {                attributes: true,                childList: false,                subtree: true,                attributeFilter: [ 'style', 'class' ],            });        } else {            triggerPostRender();        }    } );} ); \n\/* ]]> *\/\n<\/script>\n<\/div><\/p>\n","protected":false},"excerpt":{"rendered":"<p>Cultiver la premi\u00e8re richesse de l\u2019entreprise Un \u00e9tat d&#8217;esprit : Exp\u00e9riment\u00e9s, les collaborateurs de Boncolac sont anim\u00e9s par la passion du go\u00fbt et l\u2019envie d\u2019excellence. Sens des responsabilit\u00e9s, esprit d\u2019\u00e9quipe, pragmatisme et simplicit\u00e9 refl\u00e8tent l\u2019\u00e9tat d\u2019esprit dans lequel ils travaillent chaque jour, quel que soit leur m\u00e9tier. Une \u00e9galit\u00e9 professionnelle marqu\u00e9e : Sur 500 salari\u00e9s, [&hellip;]<\/p>\n","protected":false},"author":5,"featured_media":0,"parent":0,"menu_order":72,"comment_status":"closed","ping_status":"closed","template":"","meta":{"_acf_changed":false,"footnotes":""},"class_list":["post-3922","page","type-page","status-publish","hentry"],"acf":[],"yoast_head":"<!-- This site is optimized with the Yoast SEO plugin v27.2 - https:\/\/yoast.com\/product\/yoast-seo-wordpress\/ -->\n<title>Join us - Boncolac<\/title>\n<meta name=\"description\" content=\"Discover all our job offers and career opportunities at Boncolac. We are always on the lookout for new talent.\" \/>\n<meta name=\"robots\" content=\"index, follow, max-snippet:-1, max-image-preview:large, max-video-preview:-1\" \/>\n<link rel=\"canonical\" href=\"https:\/\/www.boncolac.fr\/en\/join-us\/\" \/>\n<meta property=\"og:locale\" content=\"en_US\" \/>\n<meta property=\"og:type\" content=\"article\" \/>\n<meta property=\"og:title\" content=\"Join us - Boncolac\" \/>\n<meta property=\"og:description\" content=\"Discover all our job offers and career opportunities at Boncolac. We are always on the lookout for new talent.\" \/>\n<meta property=\"og:url\" content=\"https:\/\/www.boncolac.fr\/en\/join-us\/\" \/>\n<meta property=\"og:site_name\" content=\"Boncolac\" \/>\n<meta property=\"article:modified_time\" content=\"2023-07-21T09:52:43+00:00\" \/>\n<meta name=\"twitter:card\" content=\"summary_large_image\" \/>\n<meta name=\"twitter:label1\" content=\"Est. reading time\" \/>\n\t<meta name=\"twitter:data1\" content=\"2 minutes\" \/>\n<script type=\"application\/ld+json\" class=\"yoast-schema-graph\">{\"@context\":\"https:\/\/schema.org\",\"@graph\":[{\"@type\":\"WebPage\",\"@id\":\"https:\/\/www.boncolac.fr\/en\/join-us\/\",\"url\":\"https:\/\/www.boncolac.fr\/en\/join-us\/\",\"name\":\"Join us - Boncolac\",\"isPartOf\":{\"@id\":\"https:\/\/www.boncolac.fr\/#website\"},\"datePublished\":\"2021-02-12T16:10:43+00:00\",\"dateModified\":\"2023-07-21T09:52:43+00:00\",\"description\":\"Discover all our job offers and career opportunities at Boncolac. We are always on the lookout for new talent.\",\"breadcrumb\":{\"@id\":\"https:\/\/www.boncolac.fr\/en\/join-us\/#breadcrumb\"},\"inLanguage\":\"en-US\",\"potentialAction\":[{\"@type\":\"ReadAction\",\"target\":[\"https:\/\/www.boncolac.fr\/en\/join-us\/\"]}]},{\"@type\":\"BreadcrumbList\",\"@id\":\"https:\/\/www.boncolac.fr\/en\/join-us\/#breadcrumb\",\"itemListElement\":[{\"@type\":\"ListItem\",\"position\":1,\"name\":\"Accueil\",\"item\":\"https:\/\/www.boncolac.fr\/en\/\"},{\"@type\":\"ListItem\",\"position\":2,\"name\":\"Join us\"}]},{\"@type\":\"WebSite\",\"@id\":\"https:\/\/www.boncolac.fr\/#website\",\"url\":\"https:\/\/www.boncolac.fr\/\",\"name\":\"Boncolac\",\"description\":\"Food Service\",\"potentialAction\":[{\"@type\":\"SearchAction\",\"target\":{\"@type\":\"EntryPoint\",\"urlTemplate\":\"https:\/\/www.boncolac.fr\/?s={search_term_string}\"},\"query-input\":{\"@type\":\"PropertyValueSpecification\",\"valueRequired\":true,\"valueName\":\"search_term_string\"}}],\"inLanguage\":\"en-US\"}]}<\/script>\n<!-- \/ Yoast SEO plugin. -->","yoast_head_json":{"title":"Join us - Boncolac","description":"Discover all our job offers and career opportunities at Boncolac. We are always on the lookout for new talent.","robots":{"index":"index","follow":"follow","max-snippet":"max-snippet:-1","max-image-preview":"max-image-preview:large","max-video-preview":"max-video-preview:-1"},"canonical":"https:\/\/www.boncolac.fr\/en\/join-us\/","og_locale":"en_US","og_type":"article","og_title":"Join us - Boncolac","og_description":"Discover all our job offers and career opportunities at Boncolac. We are always on the lookout for new talent.","og_url":"https:\/\/www.boncolac.fr\/en\/join-us\/","og_site_name":"Boncolac","article_modified_time":"2023-07-21T09:52:43+00:00","twitter_card":"summary_large_image","twitter_misc":{"Est. reading time":"2 minutes"},"schema":{"@context":"https:\/\/schema.org","@graph":[{"@type":"WebPage","@id":"https:\/\/www.boncolac.fr\/en\/join-us\/","url":"https:\/\/www.boncolac.fr\/en\/join-us\/","name":"Join us - Boncolac","isPartOf":{"@id":"https:\/\/www.boncolac.fr\/#website"},"datePublished":"2021-02-12T16:10:43+00:00","dateModified":"2023-07-21T09:52:43+00:00","description":"Discover all our job offers and career opportunities at Boncolac. We are always on the lookout for new talent.","breadcrumb":{"@id":"https:\/\/www.boncolac.fr\/en\/join-us\/#breadcrumb"},"inLanguage":"en-US","potentialAction":[{"@type":"ReadAction","target":["https:\/\/www.boncolac.fr\/en\/join-us\/"]}]},{"@type":"BreadcrumbList","@id":"https:\/\/www.boncolac.fr\/en\/join-us\/#breadcrumb","itemListElement":[{"@type":"ListItem","position":1,"name":"Accueil","item":"https:\/\/www.boncolac.fr\/en\/"},{"@type":"ListItem","position":2,"name":"Join us"}]},{"@type":"WebSite","@id":"https:\/\/www.boncolac.fr\/#website","url":"https:\/\/www.boncolac.fr\/","name":"Boncolac","description":"Food Service","potentialAction":[{"@type":"SearchAction","target":{"@type":"EntryPoint","urlTemplate":"https:\/\/www.boncolac.fr\/?s={search_term_string}"},"query-input":{"@type":"PropertyValueSpecification","valueRequired":true,"valueName":"search_term_string"}}],"inLanguage":"en-US"}]}},"_links":{"self":[{"href":"https:\/\/www.boncolac.fr\/en\/wp-json\/wp\/v2\/pages\/3922","targetHints":{"allow":["GET"]}}],"collection":[{"href":"https:\/\/www.boncolac.fr\/en\/wp-json\/wp\/v2\/pages"}],"about":[{"href":"https:\/\/www.boncolac.fr\/en\/wp-json\/wp\/v2\/types\/page"}],"author":[{"embeddable":true,"href":"https:\/\/www.boncolac.fr\/en\/wp-json\/wp\/v2\/users\/5"}],"replies":[{"embeddable":true,"href":"https:\/\/www.boncolac.fr\/en\/wp-json\/wp\/v2\/comments?post=3922"}],"version-history":[{"count":2,"href":"https:\/\/www.boncolac.fr\/en\/wp-json\/wp\/v2\/pages\/3922\/revisions"}],"predecessor-version":[{"id":162354,"href":"https:\/\/www.boncolac.fr\/en\/wp-json\/wp\/v2\/pages\/3922\/revisions\/162354"}],"wp:attachment":[{"href":"https:\/\/www.boncolac.fr\/en\/wp-json\/wp\/v2\/media?parent=3922"}],"curies":[{"name":"wp","href":"https:\/\/api.w.org\/{rel}","templated":true}]}}