{"id":4235,"date":"2021-04-02T10:50:04","date_gmt":"2021-04-02T08:50:04","guid":{"rendered":"https:\/\/www.boncolac.fr\/?page_id=4235"},"modified":"2021-04-02T10:50:37","modified_gmt":"2021-04-02T08:50:37","slug":"recipe-idea","status":"publish","type":"page","link":"https:\/\/www.boncolac.fr\/en\/recipe-idea\/","title":{"rendered":"Recipe idea"},"content":{"rendered":"<div class=\"iscol clear col-3\"><article id=\"post-2577\" class=\"test item pdb6\">\t\n\n\t\t\t<a href=\"https:\/\/www.boncolac.fr\/en\/recette\/multilayer-croque-monsieur\/\" class=\"col-black dis-b tdn imgdisb\" rel=\"bookmark\">\n\n\t\t\t\t<img fetchpriority=\"high\" decoding=\"async\" width=\"300\" height=\"300\" src=\"https:\/\/www.boncolac.fr\/wp-content\/uploads\/2019\/05\/croque-terrine-300x300.jpg\" class=\"attachment-medium size-medium wp-post-image\" alt=\"croque terrine\" srcset=\"https:\/\/www.boncolac.fr\/wp-content\/uploads\/2019\/05\/croque-terrine-300x300.jpg 300w, https:\/\/www.boncolac.fr\/wp-content\/uploads\/2019\/05\/croque-terrine-768x768.jpg 768w, https:\/\/www.boncolac.fr\/wp-content\/uploads\/2019\/05\/croque-terrine.jpg 800w\" sizes=\"(max-width: 300px) 100vw, 300px\" \/>\n\n\t\t\t\t<h3 class=\"tac pdt1 mgt1 mgb1 h6\">Multilayer Croque-Monsieur<\/h3>\n\n\t\t\t\t<div class=\"small op0-5 lh1 tac\">A Croque-Monsieur to share<\/div>\n\n\t\t\t<\/a>\n\n\t\t<\/article><article id=\"post-2559\" class=\"test item pdb6\">\t\n\n\t\t\t<a href=\"https:\/\/www.boncolac.fr\/en\/recette\/normand-fondue-pots\/\" class=\"col-black dis-b tdn imgdisb\" rel=\"bookmark\">\n\n\t\t\t\t<img decoding=\"async\" width=\"287\" height=\"300\" src=\"https:\/\/www.boncolac.fr\/wp-content\/uploads\/2019\/05\/caquelon-normand-1-287x300.jpg\" class=\"attachment-medium size-medium wp-post-image\" alt=\"Caquelon normand\" srcset=\"https:\/\/www.boncolac.fr\/wp-content\/uploads\/2019\/05\/caquelon-normand-1-287x300.jpg 287w, https:\/\/www.boncolac.fr\/wp-content\/uploads\/2019\/05\/caquelon-normand-1.jpg 576w\" sizes=\"(max-width: 287px) 100vw, 287px\" \/>\n\n\t\t\t\t<h3 class=\"tac pdt1 mgt1 mgb1 h6\">Normand fondue pots<\/h3>\n\n\t\t\t\t<div class=\"small op0-5 lh1 tac\">how to make a normand fondue pots from a slice of cereal bread. <\/div>\n\n\t\t\t<\/a>\n\n\t\t<\/article><article id=\"post-2543\" class=\"test item pdb6\">\t\n\n\t\t\t<a href=\"https:\/\/www.boncolac.fr\/en\/recette\/vegetable-tartlets\/\" class=\"col-black dis-b tdn imgdisb\" rel=\"bookmark\">\n\n\t\t\t\t<img decoding=\"async\" width=\"300\" height=\"300\" src=\"https:\/\/www.boncolac.fr\/wp-content\/uploads\/2019\/05\/tartelettes-legumes-300x300.jpg\" class=\"attachment-medium size-medium wp-post-image\" alt=\"tartelettes aux l\u00e9gumes\" srcset=\"https:\/\/www.boncolac.fr\/wp-content\/uploads\/2019\/05\/tartelettes-legumes-300x300.jpg 300w, https:\/\/www.boncolac.fr\/wp-content\/uploads\/2019\/05\/tartelettes-legumes-768x768.jpg 768w, https:\/\/www.boncolac.fr\/wp-content\/uploads\/2019\/05\/tartelettes-legumes.jpg 800w\" sizes=\"(max-width: 300px) 100vw, 300px\" \/>\n\n\t\t\t\t<h3 class=\"tac pdt1 mgt1 mgb1 h6\">Vegetable tartlets<\/h3>\n\n\t\t\t\t<div class=\"small op0-5 lh1 tac\">How to make vegetable tartlets from the Lemon bread slice. <\/div>\n\n\t\t\t<\/a>\n\n\t\t<\/article><article id=\"post-2354\" class=\"test item pdb6\">\t\n\n\t\t\t<a href=\"https:\/\/www.boncolac.fr\/en\/recette\/sandwich-bread-bagels\/\" class=\"col-black dis-b tdn imgdisb\" rel=\"bookmark\">\n\n\t\t\t\t<img loading=\"lazy\" decoding=\"async\" width=\"300\" height=\"300\" src=\"https:\/\/www.boncolac.fr\/wp-content\/uploads\/2018\/08\/bagels-pain-de-mie-300x300.jpg\" class=\"attachment-medium size-medium wp-post-image\" alt=\"bagels pain de mie\" srcset=\"https:\/\/www.boncolac.fr\/wp-content\/uploads\/2018\/08\/bagels-pain-de-mie-300x300.jpg 300w, https:\/\/www.boncolac.fr\/wp-content\/uploads\/2018\/08\/bagels-pain-de-mie-768x768.jpg 768w, https:\/\/www.boncolac.fr\/wp-content\/uploads\/2018\/08\/bagels-pain-de-mie.jpg 800w\" sizes=\"(max-width: 300px) 100vw, 300px\" \/>\n\n\t\t\t\t<h3 class=\"tac pdt1 mgt1 mgb1 h6\">Sandwich Bread Bagels<\/h3>\n\n\t\t\t\t<div class=\"small op0-5 lh1 tac\">[ Street Food ] Une recette de bagels color\u00e9s et gourmands.<\/div>\n\n\t\t\t<\/a>\n\n\t\t<\/article><article id=\"post-2351\" class=\"test item pdb6\">\t\n\n\t\t\t<a href=\"https:\/\/www.boncolac.fr\/en\/recette\/lunch-cubes\/\" class=\"col-black dis-b tdn imgdisb\" rel=\"bookmark\">\n\n\t\t\t\t<img loading=\"lazy\" decoding=\"async\" width=\"300\" height=\"300\" src=\"https:\/\/www.boncolac.fr\/wp-content\/uploads\/2018\/11\/lunch-cubes-300x300.jpg\" class=\"attachment-medium size-medium wp-post-image\" alt=\"lunch cubes\" srcset=\"https:\/\/www.boncolac.fr\/wp-content\/uploads\/2018\/11\/lunch-cubes-300x300.jpg 300w, https:\/\/www.boncolac.fr\/wp-content\/uploads\/2018\/11\/lunch-cubes-768x768.jpg 768w, https:\/\/www.boncolac.fr\/wp-content\/uploads\/2018\/11\/lunch-cubes.jpg 800w\" sizes=\"(max-width: 300px) 100vw, 300px\" \/>\n\n\t\t\t\t<h3 class=\"tac pdt1 mgt1 mgb1 h6\">Lunch Cubes<\/h3>\n\n\t\t\t\t<div class=\"small op0-5 lh1 tac\">How to make lunch cubes with Focaccia bread layer.<\/div>\n\n\t\t\t<\/a>\n\n\t\t<\/article><article id=\"post-2330\" class=\"test item pdb6\">\t\n\n\t\t\t<a href=\"https:\/\/www.boncolac.fr\/en\/recette\/baked-eggs-and-bread-fingers\/\" class=\"col-black dis-b tdn imgdisb\" rel=\"bookmark\">\n\n\t\t\t\t<img loading=\"lazy\" decoding=\"async\" width=\"300\" height=\"300\" src=\"https:\/\/www.boncolac.fr\/wp-content\/uploads\/2019\/02\/oeuf-cocotte-en-mouillette-300x300.jpg\" class=\"attachment-medium size-medium wp-post-image\" alt=\"oeuf cocotte en mouillette\" srcset=\"https:\/\/www.boncolac.fr\/wp-content\/uploads\/2019\/02\/oeuf-cocotte-en-mouillette-300x300.jpg 300w, https:\/\/www.boncolac.fr\/wp-content\/uploads\/2019\/02\/oeuf-cocotte-en-mouillette-768x768.jpg 768w, https:\/\/www.boncolac.fr\/wp-content\/uploads\/2019\/02\/oeuf-cocotte-en-mouillette.jpg 800w\" sizes=\"(max-width: 300px) 100vw, 300px\" \/>\n\n\t\t\t\t<h3 class=\"tac pdt1 mgt1 mgb1 h6\">Baked Egg and bread fingers<\/h3>\n\n\t\t\t\t<div class=\"small op0-5 lh1 tac\">Make 16 portions of baked eggs in soldiers from one layer of farmhouse bread. <\/div>\n\n\t\t\t<\/a>\n\n\t\t<\/article><article id=\"post-2288\" class=\"test item pdb6\">\t\n\n\t\t\t<a href=\"https:\/\/www.boncolac.fr\/en\/recette\/gourmet-mini-waves-with-grains\/\" class=\"col-black dis-b tdn imgdisb\" rel=\"bookmark\">\n\n\t\t\t\t<img loading=\"lazy\" decoding=\"async\" width=\"300\" height=\"300\" src=\"https:\/\/www.boncolac.fr\/wp-content\/uploads\/2019\/02\/fingers-brie-300x300.jpg\" class=\"attachment-medium size-medium wp-post-image\" alt=\"mini-vagues gourmandes aux c\u00e9r\u00e9ales\" srcset=\"https:\/\/www.boncolac.fr\/wp-content\/uploads\/2019\/02\/fingers-brie-300x300.jpg 300w, https:\/\/www.boncolac.fr\/wp-content\/uploads\/2019\/02\/fingers-brie-768x768.jpg 768w, https:\/\/www.boncolac.fr\/wp-content\/uploads\/2019\/02\/fingers-brie.jpg 800w\" sizes=\"(max-width: 300px) 100vw, 300px\" \/>\n\n\t\t\t\t<h3 class=\"tac pdt1 mgt1 mgb1 h6\">Gourmet Mini-waves<\/h3>\n\n\t\t\t\t<div class=\"small op0-5 lh1 tac\">Bread fingers topped with Brie in the shape of mini-waves. <\/div>\n\n\t\t\t<\/a>\n\n\t\t<\/article><article id=\"post-1944\" class=\"test item pdb6\">\t\n\n\t\t\t<a href=\"https:\/\/www.boncolac.fr\/en\/recette\/savoury-cereals-bars\/\" class=\"col-black dis-b tdn imgdisb\" rel=\"bookmark\">\n\n\t\t\t\t<img loading=\"lazy\" decoding=\"async\" width=\"300\" height=\"300\" src=\"https:\/\/www.boncolac.fr\/wp-content\/uploads\/2018\/08\/barre-cereales-salee-300x300.jpg\" class=\"attachment-medium size-medium wp-post-image\" alt=\"barre de c\u00e9r\u00e9ales\" srcset=\"https:\/\/www.boncolac.fr\/wp-content\/uploads\/2018\/08\/barre-cereales-salee-300x300.jpg 300w, https:\/\/www.boncolac.fr\/wp-content\/uploads\/2018\/08\/barre-cereales-salee-768x768.jpg 768w, https:\/\/www.boncolac.fr\/wp-content\/uploads\/2018\/08\/barre-cereales-salee.jpg 800w\" sizes=\"(max-width: 300px) 100vw, 300px\" \/>\n\n\t\t\t\t<h3 class=\"tac pdt1 mgt1 mgb1 h6\">Savoury Cereals Bars<\/h3>\n\n\t\t\t\t<div class=\"small op0-5 lh1 tac\">Recette des barres de c\u00e9r\u00e9ales sal\u00e9es \u00e0 partir d'une plaque de pain Focaccia<\/div>\n\n\t\t\t<\/a>\n\n\t\t<\/article><article id=\"post-1938\" class=\"test item pdb6\">\t\n\n\t\t\t<a href=\"https:\/\/www.boncolac.fr\/en\/recette\/pear-bourdaloue-tart\/\" class=\"col-black dis-b tdn imgdisb\" rel=\"bookmark\">\n\n\t\t\t\t<img loading=\"lazy\" decoding=\"async\" width=\"300\" height=\"300\" src=\"https:\/\/www.boncolac.fr\/wp-content\/uploads\/2018\/07\/dressage-tarte-poires-bourdaloue-300x300.jpg\" class=\"attachment-medium size-medium wp-post-image\" alt=\"\" srcset=\"https:\/\/www.boncolac.fr\/wp-content\/uploads\/2018\/07\/dressage-tarte-poires-bourdaloue-300x300.jpg 300w, https:\/\/www.boncolac.fr\/wp-content\/uploads\/2018\/07\/dressage-tarte-poires-bourdaloue-768x768.jpg 768w, https:\/\/www.boncolac.fr\/wp-content\/uploads\/2018\/07\/dressage-tarte-poires-bourdaloue.jpg 1000w\" sizes=\"(max-width: 300px) 100vw, 300px\" \/>\n\n\t\t\t\t<h3 class=\"tac pdt1 mgt1 mgb1 h6\">Pear &#8220;Bourdaloue&#8221; Tart<\/h3>\n\n\t\t\t\t<div class=\"small op0-5 lh1 tac\">How to showcase a Pear \"Bourdaloue\" Tart<\/div>\n\n\t\t\t<\/a>\n\n\t\t<\/article><article id=\"post-1930\" class=\"test item pdb6\">\t\n\n\t\t\t<a href=\"https:\/\/www.boncolac.fr\/en\/recette\/choco-hazelnut-cannoli\/\" class=\"col-black dis-b tdn imgdisb\" rel=\"bookmark\">\n\n\t\t\t\t<img loading=\"lazy\" decoding=\"async\" width=\"300\" height=\"300\" src=\"https:\/\/www.boncolac.fr\/wp-content\/uploads\/2018\/04\/BD-Cannoli-Choco-Noisette-300x300.jpg\" class=\"attachment-medium size-medium wp-post-image\" alt=\"\" srcset=\"https:\/\/www.boncolac.fr\/wp-content\/uploads\/2018\/04\/BD-Cannoli-Choco-Noisette-300x300.jpg 300w, https:\/\/www.boncolac.fr\/wp-content\/uploads\/2018\/04\/BD-Cannoli-Choco-Noisette-768x771.jpg 768w, https:\/\/www.boncolac.fr\/wp-content\/uploads\/2018\/04\/BD-Cannoli-Choco-Noisette.jpg 850w\" sizes=\"(max-width: 300px) 100vw, 300px\" \/>\n\n\t\t\t\t<h3 class=\"tac pdt1 mgt1 mgb1 h6\">Choco-hazelnut cannoli<\/h3>\n\n\t\t\t\t<div class=\"small op0-5 lh1 tac\">[ Street Food ] How to make chco-hazelnut cannoli from a white bread slice.<\/div>\n\n\t\t\t<\/a>\n\n\t\t<\/article><\/div>\n","protected":false},"excerpt":{"rendered":"","protected":false},"author":5,"featured_media":1509,"parent":0,"menu_order":56,"comment_status":"closed","ping_status":"closed","template":"","meta":{"_acf_changed":false,"footnotes":""},"class_list":["post-4235","page","type-page","status-publish","has-post-thumbnail","hentry"],"acf":[],"yoast_head":"<!-- This site is optimized with the Yoast SEO plugin v27.2 - https:\/\/yoast.com\/product\/yoast-seo-wordpress\/ -->\n<title>Recipe idea - Boncolac<\/title>\n<meta name=\"robots\" content=\"index, follow, max-snippet:-1, max-image-preview:large, max-video-preview:-1\" \/>\n<link rel=\"canonical\" href=\"https:\/\/www.boncolac.fr\/en\/recipe-idea\/\" \/>\n<meta property=\"og:locale\" content=\"en_US\" \/>\n<meta property=\"og:type\" content=\"article\" \/>\n<meta property=\"og:title\" content=\"Recipe idea - Boncolac\" \/>\n<meta property=\"og:url\" content=\"https:\/\/www.boncolac.fr\/en\/recipe-idea\/\" \/>\n<meta property=\"og:site_name\" content=\"Boncolac\" \/>\n<meta property=\"article:modified_time\" content=\"2021-04-02T08:50:37+00:00\" \/>\n<meta property=\"og:image\" content=\"https:\/\/www.boncolac.fr\/wp-content\/uploads\/2018\/06\/Cannoli-Choco-Noisette.jpg\" \/>\n\t<meta property=\"og:image:width\" content=\"800\" \/>\n\t<meta property=\"og:image:height\" content=\"803\" \/>\n\t<meta property=\"og:image:type\" content=\"image\/jpeg\" \/>\n<meta name=\"twitter:card\" content=\"summary_large_image\" \/>\n<meta name=\"twitter:label1\" content=\"Est. reading time\" \/>\n\t<meta name=\"twitter:data1\" content=\"1 minute\" \/>\n<script type=\"application\/ld+json\" class=\"yoast-schema-graph\">{\"@context\":\"https:\/\/schema.org\",\"@graph\":[{\"@type\":\"WebPage\",\"@id\":\"https:\/\/www.boncolac.fr\/en\/recipe-idea\/\",\"url\":\"https:\/\/www.boncolac.fr\/en\/recipe-idea\/\",\"name\":\"Recipe idea - Boncolac\",\"isPartOf\":{\"@id\":\"https:\/\/www.boncolac.fr\/#website\"},\"primaryImageOfPage\":{\"@id\":\"https:\/\/www.boncolac.fr\/en\/recipe-idea\/#primaryimage\"},\"image\":{\"@id\":\"https:\/\/www.boncolac.fr\/en\/recipe-idea\/#primaryimage\"},\"thumbnailUrl\":\"https:\/\/www.boncolac.fr\/wp-content\/uploads\/2018\/06\/Cannoli-Choco-Noisette.jpg\",\"datePublished\":\"2021-04-02T08:50:04+00:00\",\"dateModified\":\"2021-04-02T08:50:37+00:00\",\"breadcrumb\":{\"@id\":\"https:\/\/www.boncolac.fr\/en\/recipe-idea\/#breadcrumb\"},\"inLanguage\":\"en-US\",\"potentialAction\":[{\"@type\":\"ReadAction\",\"target\":[\"https:\/\/www.boncolac.fr\/en\/recipe-idea\/\"]}]},{\"@type\":\"ImageObject\",\"inLanguage\":\"en-US\",\"@id\":\"https:\/\/www.boncolac.fr\/en\/recipe-idea\/#primaryimage\",\"url\":\"https:\/\/www.boncolac.fr\/wp-content\/uploads\/2018\/06\/Cannoli-Choco-Noisette.jpg\",\"contentUrl\":\"https:\/\/www.boncolac.fr\/wp-content\/uploads\/2018\/06\/Cannoli-Choco-Noisette.jpg\",\"width\":800,\"height\":803},{\"@type\":\"BreadcrumbList\",\"@id\":\"https:\/\/www.boncolac.fr\/en\/recipe-idea\/#breadcrumb\",\"itemListElement\":[{\"@type\":\"ListItem\",\"position\":1,\"name\":\"Accueil\",\"item\":\"https:\/\/www.boncolac.fr\/en\/\"},{\"@type\":\"ListItem\",\"position\":2,\"name\":\"Recipe idea\"}]},{\"@type\":\"WebSite\",\"@id\":\"https:\/\/www.boncolac.fr\/#website\",\"url\":\"https:\/\/www.boncolac.fr\/\",\"name\":\"Boncolac\",\"description\":\"Food Service\",\"potentialAction\":[{\"@type\":\"SearchAction\",\"target\":{\"@type\":\"EntryPoint\",\"urlTemplate\":\"https:\/\/www.boncolac.fr\/?s={search_term_string}\"},\"query-input\":{\"@type\":\"PropertyValueSpecification\",\"valueRequired\":true,\"valueName\":\"search_term_string\"}}],\"inLanguage\":\"en-US\"}]}<\/script>\n<!-- \/ Yoast SEO plugin. -->","yoast_head_json":{"title":"Recipe idea - Boncolac","robots":{"index":"index","follow":"follow","max-snippet":"max-snippet:-1","max-image-preview":"max-image-preview:large","max-video-preview":"max-video-preview:-1"},"canonical":"https:\/\/www.boncolac.fr\/en\/recipe-idea\/","og_locale":"en_US","og_type":"article","og_title":"Recipe idea - Boncolac","og_url":"https:\/\/www.boncolac.fr\/en\/recipe-idea\/","og_site_name":"Boncolac","article_modified_time":"2021-04-02T08:50:37+00:00","og_image":[{"width":800,"height":803,"url":"https:\/\/www.boncolac.fr\/wp-content\/uploads\/2018\/06\/Cannoli-Choco-Noisette.jpg","type":"image\/jpeg"}],"twitter_card":"summary_large_image","twitter_misc":{"Est. reading time":"1 minute"},"schema":{"@context":"https:\/\/schema.org","@graph":[{"@type":"WebPage","@id":"https:\/\/www.boncolac.fr\/en\/recipe-idea\/","url":"https:\/\/www.boncolac.fr\/en\/recipe-idea\/","name":"Recipe idea - Boncolac","isPartOf":{"@id":"https:\/\/www.boncolac.fr\/#website"},"primaryImageOfPage":{"@id":"https:\/\/www.boncolac.fr\/en\/recipe-idea\/#primaryimage"},"image":{"@id":"https:\/\/www.boncolac.fr\/en\/recipe-idea\/#primaryimage"},"thumbnailUrl":"https:\/\/www.boncolac.fr\/wp-content\/uploads\/2018\/06\/Cannoli-Choco-Noisette.jpg","datePublished":"2021-04-02T08:50:04+00:00","dateModified":"2021-04-02T08:50:37+00:00","breadcrumb":{"@id":"https:\/\/www.boncolac.fr\/en\/recipe-idea\/#breadcrumb"},"inLanguage":"en-US","potentialAction":[{"@type":"ReadAction","target":["https:\/\/www.boncolac.fr\/en\/recipe-idea\/"]}]},{"@type":"ImageObject","inLanguage":"en-US","@id":"https:\/\/www.boncolac.fr\/en\/recipe-idea\/#primaryimage","url":"https:\/\/www.boncolac.fr\/wp-content\/uploads\/2018\/06\/Cannoli-Choco-Noisette.jpg","contentUrl":"https:\/\/www.boncolac.fr\/wp-content\/uploads\/2018\/06\/Cannoli-Choco-Noisette.jpg","width":800,"height":803},{"@type":"BreadcrumbList","@id":"https:\/\/www.boncolac.fr\/en\/recipe-idea\/#breadcrumb","itemListElement":[{"@type":"ListItem","position":1,"name":"Accueil","item":"https:\/\/www.boncolac.fr\/en\/"},{"@type":"ListItem","position":2,"name":"Recipe idea"}]},{"@type":"WebSite","@id":"https:\/\/www.boncolac.fr\/#website","url":"https:\/\/www.boncolac.fr\/","name":"Boncolac","description":"Food Service","potentialAction":[{"@type":"SearchAction","target":{"@type":"EntryPoint","urlTemplate":"https:\/\/www.boncolac.fr\/?s={search_term_string}"},"query-input":{"@type":"PropertyValueSpecification","valueRequired":true,"valueName":"search_term_string"}}],"inLanguage":"en-US"}]}},"_links":{"self":[{"href":"https:\/\/www.boncolac.fr\/en\/wp-json\/wp\/v2\/pages\/4235","targetHints":{"allow":["GET"]}}],"collection":[{"href":"https:\/\/www.boncolac.fr\/en\/wp-json\/wp\/v2\/pages"}],"about":[{"href":"https:\/\/www.boncolac.fr\/en\/wp-json\/wp\/v2\/types\/page"}],"author":[{"embeddable":true,"href":"https:\/\/www.boncolac.fr\/en\/wp-json\/wp\/v2\/users\/5"}],"replies":[{"embeddable":true,"href":"https:\/\/www.boncolac.fr\/en\/wp-json\/wp\/v2\/comments?post=4235"}],"version-history":[{"count":2,"href":"https:\/\/www.boncolac.fr\/en\/wp-json\/wp\/v2\/pages\/4235\/revisions"}],"predecessor-version":[{"id":4237,"href":"https:\/\/www.boncolac.fr\/en\/wp-json\/wp\/v2\/pages\/4235\/revisions\/4237"}],"wp:featuredmedia":[{"embeddable":true,"href":"https:\/\/www.boncolac.fr\/en\/wp-json\/wp\/v2\/media\/1509"}],"wp:attachment":[{"href":"https:\/\/www.boncolac.fr\/en\/wp-json\/wp\/v2\/media?parent=4235"}],"curies":[{"name":"wp","href":"https:\/\/api.w.org\/{rel}","templated":true}]}}